{"id":154,"date":"2022-08-24T03:15:51","date_gmt":"2022-08-24T03:15:51","guid":{"rendered":"https:\/\/bitnatmexico.com\/index.php\/product\/kit-glow-up\/"},"modified":"2025-06-23T19:19:03","modified_gmt":"2025-06-23T19:19:03","slug":"kit-glow-up","status":"publish","type":"product","link":"https:\/\/bitnatmexico.com\/index.php\/product\/kit-glow-up\/","title":{"rendered":"KIT GLOW UP BOOTY &amp; BOOBS"},"content":{"rendered":"<p>Kit de c\u00e1psulas y crema Glow Up Pro Curves para aumento de busto y gl\u00fateos. F\u00f3rmula 100% natural.<\/p>\n","protected":false},"excerpt":{"rendered":"<p>Kit de c\u00e1psulas y crema Glow Up Pro Curves para aumento de busto y gl\u00fateos. F\u00f3rmula 100% natural.<\/p>\n","protected":false},"featured_media":217,"comment_status":"open","ping_status":"closed","template":"","meta":[],"product_brand":[],"product_cat":[40],"product_tag":[],"class_list":{"0":"post-154","1":"product","2":"type-product","3":"status-publish","4":"has-post-thumbnail","6":"product_cat-kit-especial","8":"first","9":"instock","10":"sale","11":"shipping-taxable","12":"purchasable","13":"product-type-simple"},"yoast_head":"<!-- This site is optimized with the Yoast SEO plugin v27.6 - https:\/\/yoast.com\/product\/yoast-seo-wordpress\/ -->\n<title>KIT GLOW UP BOOTY &amp; BOOBS - Bitnat M\u00e9xico<\/title>\n<meta name=\"robots\" content=\"index, follow, max-snippet:-1, max-image-preview:large, max-video-preview:-1\" \/>\n<link rel=\"canonical\" href=\"https:\/\/bitnatmexico.com\/index.php\/product\/kit-glow-up\/\" \/>\n<meta property=\"og:locale\" content=\"es_ES\" \/>\n<meta property=\"og:type\" content=\"article\" \/>\n<meta property=\"og:title\" content=\"KIT GLOW UP BOOTY &amp; BOOBS - Bitnat M\u00e9xico\" \/>\n<meta property=\"og:description\" content=\"Kit de c\u00e1psulas y crema Glow Up Pro Curves para aumento de busto y gl\u00fateos. F\u00f3rmula 100% natural.\" \/>\n<meta property=\"og:url\" content=\"https:\/\/bitnatmexico.com\/index.php\/product\/kit-glow-up\/\" \/>\n<meta property=\"og:site_name\" content=\"Bitnat M\u00e9xico\" \/>\n<meta property=\"article:modified_time\" content=\"2025-06-23T19:19:03+00:00\" \/>\n<meta property=\"og:image\" content=\"https:\/\/bitnatmexico.com\/wp-content\/uploads\/2022\/12\/photoroom_20221214_123459.png\" \/>\n\t<meta property=\"og:image:width\" content=\"1125\" \/>\n\t<meta property=\"og:image:height\" content=\"1204\" \/>\n\t<meta property=\"og:image:type\" content=\"image\/png\" \/>\n<meta name=\"twitter:card\" content=\"summary_large_image\" \/>\n<script type=\"application\/ld+json\" class=\"yoast-schema-graph\">{\"@context\":\"https:\\\/\\\/schema.org\",\"@graph\":[{\"@type\":\"WebPage\",\"@id\":\"https:\\\/\\\/bitnatmexico.com\\\/index.php\\\/product\\\/kit-glow-up\\\/\",\"url\":\"https:\\\/\\\/bitnatmexico.com\\\/index.php\\\/product\\\/kit-glow-up\\\/\",\"name\":\"KIT GLOW UP BOOTY &amp; BOOBS - Bitnat M\u00e9xico\",\"isPartOf\":{\"@id\":\"https:\\\/\\\/bitnatmexico.com\\\/#website\"},\"primaryImageOfPage\":{\"@id\":\"https:\\\/\\\/bitnatmexico.com\\\/index.php\\\/product\\\/kit-glow-up\\\/#primaryimage\"},\"image\":{\"@id\":\"https:\\\/\\\/bitnatmexico.com\\\/index.php\\\/product\\\/kit-glow-up\\\/#primaryimage\"},\"thumbnailUrl\":\"https:\\\/\\\/bitnatmexico.com\\\/wp-content\\\/uploads\\\/2023\\\/06\\\/photoroom_20230605_140100.png\",\"datePublished\":\"2022-08-24T03:15:51+00:00\",\"dateModified\":\"2025-06-23T19:19:03+00:00\",\"breadcrumb\":{\"@id\":\"https:\\\/\\\/bitnatmexico.com\\\/index.php\\\/product\\\/kit-glow-up\\\/#breadcrumb\"},\"inLanguage\":\"es\",\"potentialAction\":[{\"@type\":\"ReadAction\",\"target\":[\"https:\\\/\\\/bitnatmexico.com\\\/index.php\\\/product\\\/kit-glow-up\\\/\"]}]},{\"@type\":\"ImageObject\",\"inLanguage\":\"es\",\"@id\":\"https:\\\/\\\/bitnatmexico.com\\\/index.php\\\/product\\\/kit-glow-up\\\/#primaryimage\",\"url\":\"https:\\\/\\\/bitnatmexico.com\\\/wp-content\\\/uploads\\\/2023\\\/06\\\/photoroom_20230605_140100.png\",\"contentUrl\":\"https:\\\/\\\/bitnatmexico.com\\\/wp-content\\\/uploads\\\/2023\\\/06\\\/photoroom_20230605_140100.png\",\"width\":1200,\"height\":1200},{\"@type\":\"BreadcrumbList\",\"@id\":\"https:\\\/\\\/bitnatmexico.com\\\/index.php\\\/product\\\/kit-glow-up\\\/#breadcrumb\",\"itemListElement\":[{\"@type\":\"ListItem\",\"position\":1,\"name\":\"Home\",\"item\":\"https:\\\/\\\/bitnatmexico.com\\\/\"},{\"@type\":\"ListItem\",\"position\":2,\"name\":\"Shop\",\"item\":\"https:\\\/\\\/bitnatmexico.com\\\/index.php\\\/shop\\\/\"},{\"@type\":\"ListItem\",\"position\":3,\"name\":\"KIT GLOW UP BOOTY &amp; BOOBS\"}]},{\"@type\":\"WebSite\",\"@id\":\"https:\\\/\\\/bitnatmexico.com\\\/#website\",\"url\":\"https:\\\/\\\/bitnatmexico.com\\\/\",\"name\":\"Bitnat M\u00e9xico\",\"description\":\"Tienda\",\"potentialAction\":[{\"@type\":\"SearchAction\",\"target\":{\"@type\":\"EntryPoint\",\"urlTemplate\":\"https:\\\/\\\/bitnatmexico.com\\\/?s={search_term_string}\"},\"query-input\":{\"@type\":\"PropertyValueSpecification\",\"valueRequired\":true,\"valueName\":\"search_term_string\"}}],\"inLanguage\":\"es\"}]}<\/script>\n<!-- \/ Yoast SEO plugin. -->","yoast_head_json":{"title":"KIT GLOW UP BOOTY &amp; BOOBS - Bitnat M\u00e9xico","robots":{"index":"index","follow":"follow","max-snippet":"max-snippet:-1","max-image-preview":"max-image-preview:large","max-video-preview":"max-video-preview:-1"},"canonical":"https:\/\/bitnatmexico.com\/index.php\/product\/kit-glow-up\/","og_locale":"es_ES","og_type":"article","og_title":"KIT GLOW UP BOOTY &amp; BOOBS - Bitnat M\u00e9xico","og_description":"Kit de c\u00e1psulas y crema Glow Up Pro Curves para aumento de busto y gl\u00fateos. F\u00f3rmula 100% natural.","og_url":"https:\/\/bitnatmexico.com\/index.php\/product\/kit-glow-up\/","og_site_name":"Bitnat M\u00e9xico","article_modified_time":"2025-06-23T19:19:03+00:00","og_image":[{"width":1125,"height":1204,"url":"https:\/\/bitnatmexico.com\/wp-content\/uploads\/2022\/12\/photoroom_20221214_123459.png","type":"image\/png"}],"twitter_card":"summary_large_image","schema":{"@context":"https:\/\/schema.org","@graph":[{"@type":"WebPage","@id":"https:\/\/bitnatmexico.com\/index.php\/product\/kit-glow-up\/","url":"https:\/\/bitnatmexico.com\/index.php\/product\/kit-glow-up\/","name":"KIT GLOW UP BOOTY &amp; BOOBS - Bitnat M\u00e9xico","isPartOf":{"@id":"https:\/\/bitnatmexico.com\/#website"},"primaryImageOfPage":{"@id":"https:\/\/bitnatmexico.com\/index.php\/product\/kit-glow-up\/#primaryimage"},"image":{"@id":"https:\/\/bitnatmexico.com\/index.php\/product\/kit-glow-up\/#primaryimage"},"thumbnailUrl":"https:\/\/bitnatmexico.com\/wp-content\/uploads\/2023\/06\/photoroom_20230605_140100.png","datePublished":"2022-08-24T03:15:51+00:00","dateModified":"2025-06-23T19:19:03+00:00","breadcrumb":{"@id":"https:\/\/bitnatmexico.com\/index.php\/product\/kit-glow-up\/#breadcrumb"},"inLanguage":"es","potentialAction":[{"@type":"ReadAction","target":["https:\/\/bitnatmexico.com\/index.php\/product\/kit-glow-up\/"]}]},{"@type":"ImageObject","inLanguage":"es","@id":"https:\/\/bitnatmexico.com\/index.php\/product\/kit-glow-up\/#primaryimage","url":"https:\/\/bitnatmexico.com\/wp-content\/uploads\/2023\/06\/photoroom_20230605_140100.png","contentUrl":"https:\/\/bitnatmexico.com\/wp-content\/uploads\/2023\/06\/photoroom_20230605_140100.png","width":1200,"height":1200},{"@type":"BreadcrumbList","@id":"https:\/\/bitnatmexico.com\/index.php\/product\/kit-glow-up\/#breadcrumb","itemListElement":[{"@type":"ListItem","position":1,"name":"Home","item":"https:\/\/bitnatmexico.com\/"},{"@type":"ListItem","position":2,"name":"Shop","item":"https:\/\/bitnatmexico.com\/index.php\/shop\/"},{"@type":"ListItem","position":3,"name":"KIT GLOW UP BOOTY &amp; BOOBS"}]},{"@type":"WebSite","@id":"https:\/\/bitnatmexico.com\/#website","url":"https:\/\/bitnatmexico.com\/","name":"Bitnat M\u00e9xico","description":"Tienda","potentialAction":[{"@type":"SearchAction","target":{"@type":"EntryPoint","urlTemplate":"https:\/\/bitnatmexico.com\/?s={search_term_string}"},"query-input":{"@type":"PropertyValueSpecification","valueRequired":true,"valueName":"search_term_string"}}],"inLanguage":"es"}]}},"_links":{"self":[{"href":"https:\/\/bitnatmexico.com\/index.php\/wp-json\/wp\/v2\/product\/154","targetHints":{"allow":["GET"]}}],"collection":[{"href":"https:\/\/bitnatmexico.com\/index.php\/wp-json\/wp\/v2\/product"}],"about":[{"href":"https:\/\/bitnatmexico.com\/index.php\/wp-json\/wp\/v2\/types\/product"}],"replies":[{"embeddable":true,"href":"https:\/\/bitnatmexico.com\/index.php\/wp-json\/wp\/v2\/comments?post=154"}],"wp:featuredmedia":[{"embeddable":true,"href":"https:\/\/bitnatmexico.com\/index.php\/wp-json\/wp\/v2\/media\/217"}],"wp:attachment":[{"href":"https:\/\/bitnatmexico.com\/index.php\/wp-json\/wp\/v2\/media?parent=154"}],"wp:term":[{"taxonomy":"product_brand","embeddable":true,"href":"https:\/\/bitnatmexico.com\/index.php\/wp-json\/wp\/v2\/product_brand?post=154"},{"taxonomy":"product_cat","embeddable":true,"href":"https:\/\/bitnatmexico.com\/index.php\/wp-json\/wp\/v2\/product_cat?post=154"},{"taxonomy":"product_tag","embeddable":true,"href":"https:\/\/bitnatmexico.com\/index.php\/wp-json\/wp\/v2\/product_tag?post=154"}],"curies":[{"name":"wp","href":"https:\/\/api.w.org\/{rel}","templated":true}]}}